{"id":8,"date":"2025-04-28T19:10:14","date_gmt":"2025-04-28T19:10:14","guid":{"rendered":"https:\/\/miramarasicilia.com\/?page_id=8"},"modified":"2025-05-07T18:01:20","modified_gmt":"2025-05-07T18:01:20","slug":"rolunk","status":"publish","type":"page","link":"https:\/\/miramarasicilia.com\/de\/rolunk\/","title":{"rendered":"Ausflugsideen"},"content":{"rendered":"<p>Hier sind einige interessante Orte, die ihr besuchen k\u00f6nnt, um eine bessere Vorstellung von der vielf\u00e4ltigen Welt Siziliens zu bekommen:<\/p>\n\n\n\n<p><br>\ud83c\udfdb <strong>Kulturelle und historische Orte<\/strong><\/p>\n\n\n\n<ul class=\"wp-block-list\">\n<li><strong>Segesta (ca. 30 Minuten mit dem Auto)<\/strong>: antiker griechischer Tempel und Theater in einer malerischen Berglandschaft.<\/li>\n\n\n\n<li><strong>Palermo (ca. 45 Minuten mit dem Auto)<\/strong>Hauptstadt Siziliens, reich an historischen Sehensw\u00fcrdigkeiten - z. B. Normannenpalast, Kathedrale, M\u00e4rkte (Ballar\u00f2, Vucciria).<\/li>\n\n\n\n<li><strong>Monreale:<\/strong> Die ber\u00fchmte Kathedrale ist bekannt f\u00fcr ihre atemberaubenden goldenen Mosaike.<\/li>\n<\/ul>\n\n\n\n<hr class=\"wp-block-separator has-alpha-channel-opacity is-style-wide\"\/>\n\n\n\n<h3 class=\"wp-block-heading\">\ud83c\udf3f Natur und Str\u00e4nde<\/h3>\n\n\n\n<ul class=\"wp-block-list\">\n<li><strong>Zingaro-Naturschutzgebiet: <\/strong>Wanderwege und versteckte Buchten mit kristallklarem Wasser - ideal f\u00fcr Wanderer und Naturliebhaber.<\/li>\n\n\n\n<li><strong>Scopello:<\/strong> ein charmantes kleines Dorf mit einer felsigen K\u00fcste und einer ber\u00fchmten Thunfischverarbeitungsfabrik (Tonnara di Scopello).<\/li>\n\n\n\n<li><strong>San Vito Lo Capo:<\/strong> einer der sch\u00f6nsten Sandstr\u00e4nde Siziliens, mit hellem Sand und t\u00fcrkisfarbenem Wasser.<\/li>\n<\/ul>\n\n\n\n<hr class=\"wp-block-separator has-alpha-channel-opacity is-style-wide\"\/>\n\n\n\n<h3 class=\"wp-block-heading\">\ud83c\udf77 Gastronomische Erlebnisse<\/h3>\n\n\n\n<ul class=\"wp-block-list\">\n<li><strong>Lokale Weinkeller:<\/strong> ber\u00fchmt f\u00fcr die Weine der Region - es lohnt sich, die lokalen Wei\u00dfweine (z.B. Grillo, Catarratto) zu probieren.<\/li>\n\n\n\n<li><strong>Fischrestaurante in Balestrate: <\/strong>frische Meeresfr\u00fcchtegerichte wie gegrillter Schwertfisch oder Meeresfr\u00fcchte mit Nudeln.<\/li>\n<\/ul>\n\n\n\n<hr class=\"wp-block-separator has-alpha-channel-opacity is-style-wide\"\/>\n\n\n\n<h3 class=\"wp-block-heading\">\ud83d\ude97 Andere Tagesausflugsm\u00f6glichkeiten:<\/h3>\n\n\n\n<p><strong>Trapani<\/strong>:  Hafenstadt, von der aus Schiffe zur Insel Favignana fahren.<\/p>\n\n\n\n<p><strong>Erice<\/strong>: eine mittelalterliche Bergstadt mit atemberaubender Aussicht.<\/p>\n\n\n\n<p><strong>Marsala<\/strong>: historische Stadt und ber\u00fchmt f\u00fcr ihren s\u00fc\u00dfen Wein.<\/p>","protected":false},"excerpt":{"rendered":"<p>Here are a few interesting places you can visit to get a better idea of Sicily&#8217;s diverse world: \ud83c\udfdb Cultural and historical sites \ud83c\udf3f Nature and beaches \ud83c\udf77 Gastronomical experiences \ud83d\ude97 Other day trip options: Trapani: a port town, from where ships sail to the island of Favignana. Erice: a medieval mountain town with stunning [&hellip;]<\/p>","protected":false},"author":1,"featured_media":0,"parent":0,"menu_order":0,"comment_status":"closed","ping_status":"closed","template":"","meta":{"travel_tour_sidebar_layout":"","footnotes":""},"class_list":["post-8","page","type-page","status-publish","hentry","col-sm-12 eq-blocks"],"_links":{"self":[{"href":"https:\/\/miramarasicilia.com\/de\/wp-json\/wp\/v2\/pages\/8","targetHints":{"allow":["GET"]}}],"collection":[{"href":"https:\/\/miramarasicilia.com\/de\/wp-json\/wp\/v2\/pages"}],"about":[{"href":"https:\/\/miramarasicilia.com\/de\/wp-json\/wp\/v2\/types\/page"}],"author":[{"embeddable":true,"href":"https:\/\/miramarasicilia.com\/de\/wp-json\/wp\/v2\/users\/1"}],"replies":[{"embeddable":true,"href":"https:\/\/miramarasicilia.com\/de\/wp-json\/wp\/v2\/comments?post=8"}],"version-history":[{"count":7,"href":"https:\/\/miramarasicilia.com\/de\/wp-json\/wp\/v2\/pages\/8\/revisions"}],"predecessor-version":[{"id":193,"href":"https:\/\/miramarasicilia.com\/de\/wp-json\/wp\/v2\/pages\/8\/revisions\/193"}],"wp:attachment":[{"href":"https:\/\/miramarasicilia.com\/de\/wp-json\/wp\/v2\/media?parent=8"}],"curies":[{"name":"wp","href":"https:\/\/api.w.org\/{rel}","templated":true}]}}