{"id":201,"date":"2025-05-09T15:09:47","date_gmt":"2025-05-09T15:09:47","guid":{"rendered":"https:\/\/miramarasicilia.com\/?page_id=201"},"modified":"2025-05-23T15:40:06","modified_gmt":"2025-05-23T15:40:06","slug":"casa-miramara","status":"publish","type":"page","link":"https:\/\/miramarasicilia.com\/de\/casa-miramara\/","title":{"rendered":"Casa Miramara"},"content":{"rendered":"<p>\ud83d\ude98Unsere Wohnung liegt in der sch\u00f6nen K\u00fcstenstadt Balestrate, etwa 20 Autominuten vom Flughafen Palermo entfernt. Ihr k\u00f6nnt Palermo, die atemberaubende Kathedrale von Monreale, das ber\u00fchmte Mondello, die Thermalb\u00e4der von Segasta, eine charmante, Gaud\u00ec-esque Stadt Borgo Parrini, Cefal\u00f9, und viele weitere Orte leicht erreichen (siehe auch unsere Ausflugstipps).<\/p>\n\n\n\n<p>\ud83d\udc6bDie Wohnung befindet sich im zweiten Stock eines typisch sizilianischen Hauses und ist ideal f\u00fcr 2 Personen. Ein klappbares G\u00e4stebett (empfehlenswert f\u00fcr Kinder) ist kostenlos m\u00f6glich. Die gro\u00dfe Dachterrasse ist auch f\u00fcr eure exklusive Nutzung! <\/p>\n\n\n\n<p>\ud83d\udeccBeim Betreten der Wohnung findet ihr einen gro\u00dfen Schlaf-Wohnbereich mit einem separaten Bad und einer mit dem Schlaf-Wohnbereich verbundenen K\u00fcche. <\/p>\n\n\n\n<p>\ud83c\udf73\ud83e\udd42Die K\u00fcche ist komplett mit Kochutensilien, Geschirr, Tellern und Besteck ausgestattet. <\/p>\n\n\n\n<p>\u2744\ufe0fEin K\u00fchlschrank und eine Klimaanlage sorgen daf\u00fcr, dass ihr angenehm k\u00fchl bleibt. <\/p>\n\n\n\n<p>\ud83d\udec1 Im Badezimmer stellen wir euch einen F\u00f6n zur Verf\u00fcgung, und nat\u00fcrlich liegen auch Handt\u00fccher f\u00fcr euch bereit. Es ist jedoch wichtig zu wissen, dass ihr in unserem Badezimmer, anders als in italienischen Badezimmern, kein Bidet vorfinden werdet. <\/p>\n\n\n\n<p>\u26f1 Es gibt zwei Str\u00e4nde ganz in der N\u00e4he des Hauses: der endlose Spiaggia di Balestrate ist in 10 Minuten zu Fu\u00df zu erreichen, der Felsenstrand liegt 5 Minuten weiter die Stra\u00dfe hinunter. Ihr findet Sonnenschirme im Haus, nehmt sie doch ruhig an den Strand mit!<\/p>\n\n\n\n<figure class=\"wp-block-image size-large\"><img loading=\"lazy\" decoding=\"async\" width=\"615\" height=\"1024\" src=\"https:\/\/miramarasicilia.com\/wp-content\/uploads\/2025\/05\/IMG_1263b-615x1024.jpeg\" alt=\"\" class=\"wp-image-206\" srcset=\"https:\/\/miramarasicilia.com\/wp-content\/uploads\/2025\/05\/IMG_1263b-615x1024.jpeg 615w, https:\/\/miramarasicilia.com\/wp-content\/uploads\/2025\/05\/IMG_1263b-180x300.jpeg 180w, https:\/\/miramarasicilia.com\/wp-content\/uploads\/2025\/05\/IMG_1263b-768x1279.jpeg 768w, https:\/\/miramarasicilia.com\/wp-content\/uploads\/2025\/05\/IMG_1263b-7x12.jpeg 7w, https:\/\/miramarasicilia.com\/wp-content\/uploads\/2025\/05\/IMG_1263b.jpeg 815w\" sizes=\"auto, (max-width: 615px) 100vw, 615px\" \/><\/figure>\n\n\n\n<figure class=\"wp-block-image size-large\"><img loading=\"lazy\" decoding=\"async\" width=\"1024\" height=\"881\" src=\"https:\/\/miramarasicilia.com\/wp-content\/uploads\/2025\/05\/IMG_1605b-1024x881.jpeg\" alt=\"\" class=\"wp-image-207\" srcset=\"https:\/\/miramarasicilia.com\/wp-content\/uploads\/2025\/05\/IMG_1605b-1024x881.jpeg 1024w, https:\/\/miramarasicilia.com\/wp-content\/uploads\/2025\/05\/IMG_1605b-300x258.jpeg 300w, https:\/\/miramarasicilia.com\/wp-content\/uploads\/2025\/05\/IMG_1605b-768x661.jpeg 768w, https:\/\/miramarasicilia.com\/wp-content\/uploads\/2025\/05\/IMG_1605b-1536x1322.jpeg 1536w, https:\/\/miramarasicilia.com\/wp-content\/uploads\/2025\/05\/IMG_1605b-14x12.jpeg 14w, https:\/\/miramarasicilia.com\/wp-content\/uploads\/2025\/05\/IMG_1605b.jpeg 1785w\" sizes=\"auto, (max-width: 1024px) 100vw, 1024px\" \/><\/figure>\n\n\n\n<figure class=\"wp-block-image size-large\"><img loading=\"lazy\" decoding=\"async\" width=\"1024\" height=\"768\" src=\"https:\/\/miramarasicilia.com\/wp-content\/uploads\/2025\/05\/9Tae3_US-1024x768.jpg\" alt=\"\" class=\"wp-image-219\" srcset=\"https:\/\/miramarasicilia.com\/wp-content\/uploads\/2025\/05\/9Tae3_US-1024x768.jpg 1024w, https:\/\/miramarasicilia.com\/wp-content\/uploads\/2025\/05\/9Tae3_US-300x225.jpg 300w, https:\/\/miramarasicilia.com\/wp-content\/uploads\/2025\/05\/9Tae3_US-768x576.jpg 768w, https:\/\/miramarasicilia.com\/wp-content\/uploads\/2025\/05\/9Tae3_US-1536x1152.jpg 1536w, https:\/\/miramarasicilia.com\/wp-content\/uploads\/2025\/05\/9Tae3_US-16x12.jpg 16w, https:\/\/miramarasicilia.com\/wp-content\/uploads\/2025\/05\/9Tae3_US.jpg 2048w\" sizes=\"auto, (max-width: 1024px) 100vw, 1024px\" \/><\/figure>\n\n\n\n<figure class=\"wp-block-image size-large\"><img loading=\"lazy\" decoding=\"async\" width=\"768\" height=\"1024\" src=\"https:\/\/miramarasicilia.com\/wp-content\/uploads\/2025\/05\/IMG_1618-768x1024.jpeg\" alt=\"\" class=\"wp-image-208\" srcset=\"https:\/\/miramarasicilia.com\/wp-content\/uploads\/2025\/05\/IMG_1618-768x1024.jpeg 768w, https:\/\/miramarasicilia.com\/wp-content\/uploads\/2025\/05\/IMG_1618-225x300.jpeg 225w, https:\/\/miramarasicilia.com\/wp-content\/uploads\/2025\/05\/IMG_1618-1152x1536.jpeg 1152w, https:\/\/miramarasicilia.com\/wp-content\/uploads\/2025\/05\/IMG_1618-9x12.jpeg 9w, https:\/\/miramarasicilia.com\/wp-content\/uploads\/2025\/05\/IMG_1618.jpeg 1536w\" sizes=\"auto, (max-width: 768px) 100vw, 768px\" \/><\/figure>\n\n\n\n<figure class=\"wp-block-image size-large\"><img loading=\"lazy\" decoding=\"async\" width=\"1024\" height=\"768\" src=\"https:\/\/miramarasicilia.com\/wp-content\/uploads\/2025\/05\/IMG_1614-1024x768.jpeg\" alt=\"\" class=\"wp-image-210\" srcset=\"https:\/\/miramarasicilia.com\/wp-content\/uploads\/2025\/05\/IMG_1614-1024x768.jpeg 1024w, https:\/\/miramarasicilia.com\/wp-content\/uploads\/2025\/05\/IMG_1614-300x225.jpeg 300w, https:\/\/miramarasicilia.com\/wp-content\/uploads\/2025\/05\/IMG_1614-768x576.jpeg 768w, https:\/\/miramarasicilia.com\/wp-content\/uploads\/2025\/05\/IMG_1614-1536x1152.jpeg 1536w, https:\/\/miramarasicilia.com\/wp-content\/uploads\/2025\/05\/IMG_1614-16x12.jpeg 16w, https:\/\/miramarasicilia.com\/wp-content\/uploads\/2025\/05\/IMG_1614.jpeg 2048w\" sizes=\"auto, (max-width: 1024px) 100vw, 1024px\" \/><\/figure>\n\n\n\n<figure class=\"wp-block-image size-large\"><img loading=\"lazy\" decoding=\"async\" width=\"768\" height=\"1024\" src=\"https:\/\/miramarasicilia.com\/wp-content\/uploads\/2025\/05\/jsal9p0e-768x1024.jpg\" alt=\"\" class=\"wp-image-217\" srcset=\"https:\/\/miramarasicilia.com\/wp-content\/uploads\/2025\/05\/jsal9p0e-768x1024.jpg 768w, https:\/\/miramarasicilia.com\/wp-content\/uploads\/2025\/05\/jsal9p0e-225x300.jpg 225w, https:\/\/miramarasicilia.com\/wp-content\/uploads\/2025\/05\/jsal9p0e-1152x1536.jpg 1152w, https:\/\/miramarasicilia.com\/wp-content\/uploads\/2025\/05\/jsal9p0e-9x12.jpg 9w, https:\/\/miramarasicilia.com\/wp-content\/uploads\/2025\/05\/jsal9p0e.jpg 1536w\" sizes=\"auto, (max-width: 768px) 100vw, 768px\" \/><\/figure>\n\n\n\n<figure class=\"wp-block-image size-large\"><img loading=\"lazy\" decoding=\"async\" width=\"768\" height=\"1024\" src=\"https:\/\/miramarasicilia.com\/wp-content\/uploads\/2025\/05\/rHOzM3Z2-768x1024.jpg\" alt=\"\" class=\"wp-image-221\" srcset=\"https:\/\/miramarasicilia.com\/wp-content\/uploads\/2025\/05\/rHOzM3Z2-768x1024.jpg 768w, https:\/\/miramarasicilia.com\/wp-content\/uploads\/2025\/05\/rHOzM3Z2-225x300.jpg 225w, https:\/\/miramarasicilia.com\/wp-content\/uploads\/2025\/05\/rHOzM3Z2-1152x1536.jpg 1152w, https:\/\/miramarasicilia.com\/wp-content\/uploads\/2025\/05\/rHOzM3Z2-9x12.jpg 9w, https:\/\/miramarasicilia.com\/wp-content\/uploads\/2025\/05\/rHOzM3Z2.jpg 1536w\" sizes=\"auto, (max-width: 768px) 100vw, 768px\" \/><\/figure>\n\n\n\n<figure class=\"wp-block-image size-large\"><img loading=\"lazy\" decoding=\"async\" width=\"768\" height=\"1024\" src=\"https:\/\/miramarasicilia.com\/wp-content\/uploads\/2025\/05\/jizahH1Q-768x1024.jpg\" alt=\"\" class=\"wp-image-218\" srcset=\"https:\/\/miramarasicilia.com\/wp-content\/uploads\/2025\/05\/jizahH1Q-768x1024.jpg 768w, https:\/\/miramarasicilia.com\/wp-content\/uploads\/2025\/05\/jizahH1Q-225x300.jpg 225w, https:\/\/miramarasicilia.com\/wp-content\/uploads\/2025\/05\/jizahH1Q-1152x1536.jpg 1152w, https:\/\/miramarasicilia.com\/wp-content\/uploads\/2025\/05\/jizahH1Q-9x12.jpg 9w, https:\/\/miramarasicilia.com\/wp-content\/uploads\/2025\/05\/jizahH1Q.jpg 1536w\" sizes=\"auto, (max-width: 768px) 100vw, 768px\" \/><\/figure>\n\n\n\n<figure class=\"wp-block-image size-large\"><img loading=\"lazy\" decoding=\"async\" width=\"768\" height=\"1024\" src=\"https:\/\/miramarasicilia.com\/wp-content\/uploads\/2025\/05\/IMG_1602-1-768x1024.jpeg\" alt=\"\" class=\"wp-image-211\" srcset=\"https:\/\/miramarasicilia.com\/wp-content\/uploads\/2025\/05\/IMG_1602-1-768x1024.jpeg 768w, https:\/\/miramarasicilia.com\/wp-content\/uploads\/2025\/05\/IMG_1602-1-225x300.jpeg 225w, https:\/\/miramarasicilia.com\/wp-content\/uploads\/2025\/05\/IMG_1602-1-1152x1536.jpeg 1152w, https:\/\/miramarasicilia.com\/wp-content\/uploads\/2025\/05\/IMG_1602-1-9x12.jpeg 9w, https:\/\/miramarasicilia.com\/wp-content\/uploads\/2025\/05\/IMG_1602-1.jpeg 1536w\" sizes=\"auto, (max-width: 768px) 100vw, 768px\" \/><\/figure>\n\n\n\n<figure class=\"wp-block-image size-large\"><img loading=\"lazy\" decoding=\"async\" width=\"886\" height=\"1024\" src=\"https:\/\/miramarasicilia.com\/wp-content\/uploads\/2025\/05\/20250419_113155b-886x1024.jpg\" alt=\"\" class=\"wp-image-212\" srcset=\"https:\/\/miramarasicilia.com\/wp-content\/uploads\/2025\/05\/20250419_113155b-886x1024.jpg 886w, https:\/\/miramarasicilia.com\/wp-content\/uploads\/2025\/05\/20250419_113155b-260x300.jpg 260w, https:\/\/miramarasicilia.com\/wp-content\/uploads\/2025\/05\/20250419_113155b-768x887.jpg 768w, https:\/\/miramarasicilia.com\/wp-content\/uploads\/2025\/05\/20250419_113155b-1329x1536.jpg 1329w, https:\/\/miramarasicilia.com\/wp-content\/uploads\/2025\/05\/20250419_113155b-1772x2048.jpg 1772w, https:\/\/miramarasicilia.com\/wp-content\/uploads\/2025\/05\/20250419_113155b-10x12.jpg 10w\" sizes=\"auto, (max-width: 886px) 100vw, 886px\" \/><\/figure>\n\n\n\n<figure class=\"wp-block-image size-large\"><img loading=\"lazy\" decoding=\"async\" width=\"648\" height=\"1024\" src=\"https:\/\/miramarasicilia.com\/wp-content\/uploads\/2025\/05\/20250419_142253b-648x1024.jpg\" alt=\"\" class=\"wp-image-213\" srcset=\"https:\/\/miramarasicilia.com\/wp-content\/uploads\/2025\/05\/20250419_142253b-648x1024.jpg 648w, https:\/\/miramarasicilia.com\/wp-content\/uploads\/2025\/05\/20250419_142253b-190x300.jpg 190w, https:\/\/miramarasicilia.com\/wp-content\/uploads\/2025\/05\/20250419_142253b-768x1213.jpg 768w, https:\/\/miramarasicilia.com\/wp-content\/uploads\/2025\/05\/20250419_142253b-973x1536.jpg 973w, https:\/\/miramarasicilia.com\/wp-content\/uploads\/2025\/05\/20250419_142253b-1297x2048.jpg 1297w, https:\/\/miramarasicilia.com\/wp-content\/uploads\/2025\/05\/20250419_142253b-8x12.jpg 8w, https:\/\/miramarasicilia.com\/wp-content\/uploads\/2025\/05\/20250419_142253b-scaled.jpg 1621w\" sizes=\"auto, (max-width: 648px) 100vw, 648px\" \/><\/figure>","protected":false},"excerpt":{"rendered":"<p>\ud83d\ude98 Our apartment is in the beautiful coastal town, Balestrate, approximately 20 minutes from Palermo airport by car. You can easily reach Palermo, the breathtaking cathedral of Monreale, the famous Mondello, the Thermals Baths of Segasta, a charming, Gaud\u00ec-esque town Borgo Parrini, Cefal\u00f9, and a lot more places (see also our excursion tips). \ud83d\udc6bThe apartment [&hellip;]<\/p>","protected":false},"author":2,"featured_media":0,"parent":0,"menu_order":0,"comment_status":"closed","ping_status":"closed","template":"","meta":{"travel_tour_sidebar_layout":"","footnotes":""},"class_list":["post-201","page","type-page","status-publish","hentry","col-sm-12 eq-blocks"],"_links":{"self":[{"href":"https:\/\/miramarasicilia.com\/de\/wp-json\/wp\/v2\/pages\/201","targetHints":{"allow":["GET"]}}],"collection":[{"href":"https:\/\/miramarasicilia.com\/de\/wp-json\/wp\/v2\/pages"}],"about":[{"href":"https:\/\/miramarasicilia.com\/de\/wp-json\/wp\/v2\/types\/page"}],"author":[{"embeddable":true,"href":"https:\/\/miramarasicilia.com\/de\/wp-json\/wp\/v2\/users\/2"}],"replies":[{"embeddable":true,"href":"https:\/\/miramarasicilia.com\/de\/wp-json\/wp\/v2\/comments?post=201"}],"version-history":[{"count":6,"href":"https:\/\/miramarasicilia.com\/de\/wp-json\/wp\/v2\/pages\/201\/revisions"}],"predecessor-version":[{"id":222,"href":"https:\/\/miramarasicilia.com\/de\/wp-json\/wp\/v2\/pages\/201\/revisions\/222"}],"wp:attachment":[{"href":"https:\/\/miramarasicilia.com\/de\/wp-json\/wp\/v2\/media?parent=201"}],"curies":[{"name":"wp","href":"https:\/\/api.w.org\/{rel}","templated":true}]}}