{"id":11,"date":"2025-04-28T19:10:14","date_gmt":"2025-04-28T19:10:14","guid":{"rendered":"https:\/\/miramarasicilia.com\/?page_id=11"},"modified":"2025-05-07T19:36:08","modified_gmt":"2025-05-07T19:36:08","slug":"uti-celok","status":"publish","type":"page","link":"https:\/\/miramarasicilia.com\/de\/uti-celok\/","title":{"rendered":"Die Stadt, wo wir dich willkommen hei\u00dfen"},"content":{"rendered":"<p>Balestrate: das versteckte Juwel West-Siziliens<\/p>\n\n\n\n<figure class=\"wp-block-image size-full\"><img loading=\"lazy\" decoding=\"async\" width=\"900\" height=\"507\" src=\"https:\/\/miramarasicilia.com\/wp-content\/uploads\/2025\/05\/balestrate.jpg\" alt=\"\" class=\"wp-image-98\" srcset=\"https:\/\/miramarasicilia.com\/wp-content\/uploads\/2025\/05\/balestrate.jpg 900w, https:\/\/miramarasicilia.com\/wp-content\/uploads\/2025\/05\/balestrate-300x169.jpg 300w, https:\/\/miramarasicilia.com\/wp-content\/uploads\/2025\/05\/balestrate-768x433.jpg 768w, https:\/\/miramarasicilia.com\/wp-content\/uploads\/2025\/05\/balestrate-18x10.jpg 18w\" sizes=\"auto, (max-width: 900px) 100vw, 900px\" \/><\/figure>\n\n\n\n<p>Willkommen in Balestrale, dem ruhigen Wunder von Westsizilien! Dieser charmante K\u00fcstenort liegt im Herzen der Bucht von Castellammare, nur 25 km s\u00fcdwestlich von Palermo. Wenn du auf der Suche nach einer authentischen sizilianischen Atmosph\u00e4re, sch\u00f6nen Sandstr\u00e4nden und unvergesslichen gastronomischen Erlebnissen bist, ist Balestrate die perfekte Wahl f\u00fcr dich!<\/p>\n\n\n\n<figure class=\"wp-block-image size-large\"><img loading=\"lazy\" decoding=\"async\" width=\"1024\" height=\"768\" src=\"https:\/\/miramarasicilia.com\/wp-content\/uploads\/2025\/05\/IMG_1676-1024x768.jpeg\" alt=\"\" class=\"wp-image-101\" srcset=\"https:\/\/miramarasicilia.com\/wp-content\/uploads\/2025\/05\/IMG_1676-1024x768.jpeg 1024w, https:\/\/miramarasicilia.com\/wp-content\/uploads\/2025\/05\/IMG_1676-300x225.jpeg 300w, https:\/\/miramarasicilia.com\/wp-content\/uploads\/2025\/05\/IMG_1676-768x576.jpeg 768w, https:\/\/miramarasicilia.com\/wp-content\/uploads\/2025\/05\/IMG_1676-1536x1152.jpeg 1536w, https:\/\/miramarasicilia.com\/wp-content\/uploads\/2025\/05\/IMG_1676-16x12.jpeg 16w, https:\/\/miramarasicilia.com\/wp-content\/uploads\/2025\/05\/IMG_1676.jpeg 2048w\" sizes=\"auto, (max-width: 1024px) 100vw, 1024px\" \/><\/figure>\n\n\n\n<p>Historischer Charme und moderner Komfort<\/p>\n\n\n\n<p>Urspr\u00fcnglich war Balestrate als \u201eSicciara\u201c bekannt, was sich auf den Tintenfisch (sicci) bezieht - ein Symbol, das noch immer im Wappen der Stadt erscheint. Die Einheimischen nennen sich selbst noch immer \u201esicciaroti\u201c, also \u201eTintenfischmenschen\u201c. Der Ursprung des Ortsnamens ist eine einzigartige Legende: Der spanische K\u00f6nig benutzte einen Pfeil (balestra), um die Grenzen des Ortes festzulegen, daher der Name.<\/p>\n\n\n\n<figure class=\"wp-block-image size-large\"><img loading=\"lazy\" decoding=\"async\" width=\"768\" height=\"1024\" src=\"https:\/\/miramarasicilia.com\/wp-content\/uploads\/2025\/05\/IMG_1645-768x1024.jpeg\" alt=\"\" class=\"wp-image-157\" srcset=\"https:\/\/miramarasicilia.com\/wp-content\/uploads\/2025\/05\/IMG_1645-768x1024.jpeg 768w, https:\/\/miramarasicilia.com\/wp-content\/uploads\/2025\/05\/IMG_1645-225x300.jpeg 225w, https:\/\/miramarasicilia.com\/wp-content\/uploads\/2025\/05\/IMG_1645-1152x1536.jpeg 1152w, https:\/\/miramarasicilia.com\/wp-content\/uploads\/2025\/05\/IMG_1645-9x12.jpeg 9w, https:\/\/miramarasicilia.com\/wp-content\/uploads\/2025\/05\/IMG_1645.jpeg 1536w\" sizes=\"auto, (max-width: 768px) 100vw, 768px\" \/><\/figure>\n\n\n\n<p>Im 19. Jahrhundert brachten englische Winzer (Ingham, Woodhouse, Whittaker) und die Investitionen der ber\u00fchmten Familie Florio die Stadt zu Wohlstand, die damals eine wichtige Rolle bei der Herstellung des ber\u00fchmten Marsala-Weins spielte.<\/p>\n\n\n\n<p><\/p>\n\n\n\n<figure class=\"wp-block-image size-large\"><img loading=\"lazy\" decoding=\"async\" width=\"1024\" height=\"768\" src=\"https:\/\/miramarasicilia.com\/wp-content\/uploads\/2025\/05\/IMG_1515-1024x768.jpeg\" alt=\"\" class=\"wp-image-140\" srcset=\"https:\/\/miramarasicilia.com\/wp-content\/uploads\/2025\/05\/IMG_1515-1024x768.jpeg 1024w, https:\/\/miramarasicilia.com\/wp-content\/uploads\/2025\/05\/IMG_1515-300x225.jpeg 300w, https:\/\/miramarasicilia.com\/wp-content\/uploads\/2025\/05\/IMG_1515-768x576.jpeg 768w, https:\/\/miramarasicilia.com\/wp-content\/uploads\/2025\/05\/IMG_1515-1536x1152.jpeg 1536w, https:\/\/miramarasicilia.com\/wp-content\/uploads\/2025\/05\/IMG_1515-16x12.jpeg 16w, https:\/\/miramarasicilia.com\/wp-content\/uploads\/2025\/05\/IMG_1515.jpeg 2048w\" sizes=\"auto, (max-width: 1024px) 100vw, 1024px\" \/><\/figure>\n\n\n\n<p>Wundersch\u00f6ne Str\u00e4nde und Meereserlebnisse<\/p>\n\n\n\n<p>Die Hauptattraktion von Balestrate sind die beiden sch\u00f6nen Sandstr\u00e4nde, von denen sich einer bis nach Castellammare del Golfo erstreckt. Der Besuch der meisten Str\u00e4nde ist kostenlos, obwohl es im Sommer einige kostenpflichtige Strandabschnitte gibt, an denen man Liegen und Sonnenschirme mieten kann.<\/p>\n\n\n\n<p>Der Stolz der Stadt ist ihr Hafen, ideal f\u00fcr Wassersport und Bootsfahrten.<\/p>\n\n\n\n<figure class=\"wp-block-gallery has-nested-images columns-default is-cropped wp-block-gallery-1 is-layout-flex wp-block-gallery-is-layout-flex\">\n<figure class=\"wp-block-image size-large\"><img loading=\"lazy\" decoding=\"async\" width=\"1024\" height=\"768\" data-id=\"160\" src=\"https:\/\/miramarasicilia.com\/wp-content\/uploads\/2025\/05\/IMG_1668-1024x768.jpeg\" alt=\"\" class=\"wp-image-160\" srcset=\"https:\/\/miramarasicilia.com\/wp-content\/uploads\/2025\/05\/IMG_1668-1024x768.jpeg 1024w, https:\/\/miramarasicilia.com\/wp-content\/uploads\/2025\/05\/IMG_1668-300x225.jpeg 300w, https:\/\/miramarasicilia.com\/wp-content\/uploads\/2025\/05\/IMG_1668-768x576.jpeg 768w, https:\/\/miramarasicilia.com\/wp-content\/uploads\/2025\/05\/IMG_1668-1536x1152.jpeg 1536w, https:\/\/miramarasicilia.com\/wp-content\/uploads\/2025\/05\/IMG_1668-16x12.jpeg 16w, https:\/\/miramarasicilia.com\/wp-content\/uploads\/2025\/05\/IMG_1668.jpeg 2048w\" sizes=\"auto, (max-width: 1024px) 100vw, 1024px\" \/><\/figure>\n<\/figure>\n\n\n\n<p>Das kristallklare Wasser und der feine Sand bieten den perfekten Ort zum Sonnenbaden, Schwimmen oder einfach nur, um den Sonnenuntergang zu bewundern.<\/p>\n\n\n\n<figure class=\"wp-block-image size-large\"><img loading=\"lazy\" decoding=\"async\" width=\"1024\" height=\"576\" src=\"https:\/\/miramarasicilia.com\/wp-content\/uploads\/2025\/05\/IMG_0757-2-1024x576.jpg\" alt=\"\" class=\"wp-image-161\" srcset=\"https:\/\/miramarasicilia.com\/wp-content\/uploads\/2025\/05\/IMG_0757-2-1024x576.jpg 1024w, https:\/\/miramarasicilia.com\/wp-content\/uploads\/2025\/05\/IMG_0757-2-300x169.jpg 300w, https:\/\/miramarasicilia.com\/wp-content\/uploads\/2025\/05\/IMG_0757-2-768x432.jpg 768w, https:\/\/miramarasicilia.com\/wp-content\/uploads\/2025\/05\/IMG_0757-2-1536x864.jpg 1536w, https:\/\/miramarasicilia.com\/wp-content\/uploads\/2025\/05\/IMG_0757-2-18x10.jpg 18w, https:\/\/miramarasicilia.com\/wp-content\/uploads\/2025\/05\/IMG_0757-2.jpg 1920w\" sizes=\"auto, (max-width: 1024px) 100vw, 1024px\" \/><\/figure>\n\n\n\n<p>Gastronomisches Paradies<\/p>\n\n\n\n<p>Beginn den Tag mit einem echten italienischen Fr\u00fchst\u00fcck in den Caf\u00e9s in der Via Madonna del Ponte, wo frische Croissants und cremiger Cappuccino auf dich warten. Verpass nicht die lokale Spezialit\u00e4t Brioche con gelato, eine s\u00fcditalienische Eisspezialit\u00e4t im Br\u00f6tchen.<\/p>\n\n\n<div class=\"wp-block-image is-style-default\">\n<figure class=\"alignleft size-full\"><img loading=\"lazy\" decoding=\"async\" width=\"1000\" height=\"786\" src=\"https:\/\/miramarasicilia.com\/wp-content\/uploads\/2025\/05\/briochetuppogelato48.jpg\" alt=\"\" class=\"wp-image-162\" srcset=\"https:\/\/miramarasicilia.com\/wp-content\/uploads\/2025\/05\/briochetuppogelato48.jpg 1000w, https:\/\/miramarasicilia.com\/wp-content\/uploads\/2025\/05\/briochetuppogelato48-300x236.jpg 300w, https:\/\/miramarasicilia.com\/wp-content\/uploads\/2025\/05\/briochetuppogelato48-768x604.jpg 768w, https:\/\/miramarasicilia.com\/wp-content\/uploads\/2025\/05\/briochetuppogelato48-15x12.jpg 15w\" sizes=\"auto, (max-width: 1000px) 100vw, 1000px\" \/><\/figure>\n<\/div>\n\n\n<p><\/p>\n\n\n\n<p><\/p>\n\n\n\n<p><img loading=\"lazy\" decoding=\"async\" width=\"400\" height=\"500\" class=\"wp-image-165\" style=\"width: 400px;\" src=\"https:\/\/miramarasicilia.com\/wp-content\/uploads\/2025\/05\/pasta-alla-norma-recipe-5.jpg\" alt=\"\" srcset=\"https:\/\/miramarasicilia.com\/wp-content\/uploads\/2025\/05\/pasta-alla-norma-recipe-5.jpg 1200w, https:\/\/miramarasicilia.com\/wp-content\/uploads\/2025\/05\/pasta-alla-norma-recipe-5-240x300.jpg 240w, https:\/\/miramarasicilia.com\/wp-content\/uploads\/2025\/05\/pasta-alla-norma-recipe-5-819x1024.jpg 819w, https:\/\/miramarasicilia.com\/wp-content\/uploads\/2025\/05\/pasta-alla-norma-recipe-5-768x960.jpg 768w, https:\/\/miramarasicilia.com\/wp-content\/uploads\/2025\/05\/pasta-alla-norma-recipe-5-10x12.jpg 10w\" sizes=\"auto, (max-width: 400px) 100vw, 400px\" \/> <\/p>\n\n\n\n<p>Probiere zum Mittag- oder Abendessen die frischen Meeresfr\u00fcchte, die klassische Pasta alla Norma oder Caponata. Die lokale Weintradition lebt weiter. Probiere unbedingt die lokalen Weine Grillo und Nero d'Avola.<\/p>\n\n\n\n<p>Naturerlebnisse und aktive Erholung<\/p>\n\n\n\n<p>In der Gegend von Balestrate gibt es zwei K\u00fcstenw\u00e4lder: Der gr\u00f6\u00dfere wird nur selten besucht und eignet sich hervorragend f\u00fcr ruhige Spazierg\u00e4nge im Schatten, w\u00e4hrend der kleinere mit steinernen Grillpl\u00e4tzen und Tischen ausgestattet ist, an denen die Einheimischen sonntags oft grillen.<\/p>\n\n\n\n<p>Die Stadt ist ein hervorragender Ausgangspunkt f\u00fcr zahlreiche Ausfl\u00fcge zu den Sehensw\u00fcrdigkeiten Westsiziliens, wie zum Beispiel:<\/p>\n\n\n\n<ul class=\"wp-block-list\">\n<li>Die mittelalterliche Stadt Erice<\/li>\n\n\n\n<li>Die Kirche und das Amphitheater von Segesta<\/li>\n\n\n\n<li>Die Salinen von Marsala<\/li>\n\n\n\n<li>Monreale, die maurische und wikingerzeitliche Kathedrale der Wunder.<\/li>\n\n\n\n<li>Das historische Zentrum von Palermo<\/li>\n\n\n\n<li>Corleone, eine kleine Stadt, die f\u00fcr ihre Mafia bekannt ist.<\/li>\n<\/ul>\n\n\n\n<p>Praktische Informationen<\/p>\n\n\n\n<ul class=\"wp-block-list\">\n<li>Einwohnerzahl: 6 000, steigt aber im Sommer durch die Touristen auf 30 000 an<\/li>\n\n\n\n<li>Fl\u00e4che: 6,4 km\u00b2<\/li>\n\n\n\n<li>Lage: 25 km s\u00fcdwestlich von Palermo, etwa 70 km \u00f6stlich von Trapani<\/li>\n\n\n\n<li>Erreichbarkeit: Leicht erreichbar von den Flugh\u00e4fen Palermo und Trapani, die beide gut mit dem Auto nach Balestrate zu erreichen sind. Da hier jeder mit dem Auto f\u00e4hrt, ist es ratsam, ein kleines Auto zu mieten, bei dem wir unseren G\u00e4sten gerne behilflich sind.<\/li>\n\n\n\n<li>Zeitzone:** CET (UTC+1), im Sommer CEST (UTC+2)<\/li>\n<\/ul>\n\n\n\n<p>Balestrate ist die perfekte Wahl f\u00fcr alle, die einen erholsamen Strandurlaub mit einer Entdeckungsreise durch die sizilianische Kultur und Gastronomie verbinden m\u00f6chten. Hier findest du an jeder Ecke authentische Erlebnisse, abseits des Massentourismus und doch in unmittelbarer N\u00e4he zu den wichtigsten Sehensw\u00fcrdigkeiten der Region. Komm und erlebe die Lebensart der \u201eSicciaroti\u201c!<\/p>","protected":false},"excerpt":{"rendered":"<p>Balestrate: the hidden gem of Western Sicily Welcome to Balestrale, the quiet wonder of Western Sicily! This charming seaside town lies in the heart of the Bay of Castellammare, just 25 km southwest of Palermo. If you are looking for an authentic Sicilian atmosphere, beautiful sandy beaches and unforgettable gastronomic experiences, Balestrate is the perfect [&hellip;]<\/p>","protected":false},"author":1,"featured_media":0,"parent":0,"menu_order":0,"comment_status":"closed","ping_status":"closed","template":"","meta":{"travel_tour_sidebar_layout":"","footnotes":""},"class_list":["post-11","page","type-page","status-publish","hentry","col-sm-12 eq-blocks"],"_links":{"self":[{"href":"https:\/\/miramarasicilia.com\/de\/wp-json\/wp\/v2\/pages\/11","targetHints":{"allow":["GET"]}}],"collection":[{"href":"https:\/\/miramarasicilia.com\/de\/wp-json\/wp\/v2\/pages"}],"about":[{"href":"https:\/\/miramarasicilia.com\/de\/wp-json\/wp\/v2\/types\/page"}],"author":[{"embeddable":true,"href":"https:\/\/miramarasicilia.com\/de\/wp-json\/wp\/v2\/users\/1"}],"replies":[{"embeddable":true,"href":"https:\/\/miramarasicilia.com\/de\/wp-json\/wp\/v2\/comments?post=11"}],"version-history":[{"count":11,"href":"https:\/\/miramarasicilia.com\/de\/wp-json\/wp\/v2\/pages\/11\/revisions"}],"predecessor-version":[{"id":200,"href":"https:\/\/miramarasicilia.com\/de\/wp-json\/wp\/v2\/pages\/11\/revisions\/200"}],"wp:attachment":[{"href":"https:\/\/miramarasicilia.com\/de\/wp-json\/wp\/v2\/media?parent=11"}],"curies":[{"name":"wp","href":"https:\/\/api.w.org\/{rel}","templated":true}]}}