{"id":10,"date":"2025-04-28T19:10:14","date_gmt":"2025-04-28T19:10:14","guid":{"rendered":"https:\/\/miramarasicilia.com\/?page_id=10"},"modified":"2025-05-07T19:31:27","modified_gmt":"2025-05-07T19:31:27","slug":"tevekenysegek","status":"publish","type":"page","link":"https:\/\/miramarasicilia.com\/de\/tevekenysegek\/","title":{"rendered":"\u00dcber uns"},"content":{"rendered":"<p><strong>Willkommen in Casa Miramara<\/strong><br>Wir sind ein ungarisches Ehepaar, das sich einen Lebenstraum erf\u00fcllt hat, indem es einen gem\u00fctlichen R\u00fcckzugsort im Herzen Italiens geschaffen hat. Eingebettet in der N\u00e4he von Sandstr\u00e4nden und umgeben von warmherzigen Einheimischen ist Casa Miramara der perfekte Ort, um sich zu entspannen, zu relaxen und das Beste des italienischen Lebens zu genie\u00dfen - Sonne, Meer, unglaubliches Essen und reiche Kultur.<\/p>\n\n\n\n<p>Egal, ob du hier bist, um die Sonne zu genie\u00dfen, historische Sch\u00e4tze in der N\u00e4he zu entdecken oder einfach nur einen langsameren Lebensrhythmus zu genie\u00dfen - unser Haus ist dein Zuhause.<\/p>\n\n\n\n<p>Wir sprechen Englisch, Deutsch, Ungarisch und ein wenig Italienisch, und wir sind immer gerne bereit zu helfen. Wenn du Fragen oder spezielle W\u00fcnsche hast, wende dich bitte an uns - wir freuen uns auf deine Fragen und R\u00fcckmeldung!<\/p>\n\n\n\n<figure class=\"wp-block-image size-full\"><img loading=\"lazy\" decoding=\"async\" width=\"1024\" height=\"768\" src=\"https:\/\/miramarasicilia.com\/wp-content\/uploads\/2025\/05\/Nevtelen.jpg\" alt=\"\" class=\"wp-image-197\" srcset=\"https:\/\/miramarasicilia.com\/wp-content\/uploads\/2025\/05\/Nevtelen.jpg 1024w, https:\/\/miramarasicilia.com\/wp-content\/uploads\/2025\/05\/Nevtelen-300x225.jpg 300w, https:\/\/miramarasicilia.com\/wp-content\/uploads\/2025\/05\/Nevtelen-768x576.jpg 768w, https:\/\/miramarasicilia.com\/wp-content\/uploads\/2025\/05\/Nevtelen-16x12.jpg 16w\" sizes=\"auto, (max-width: 1024px) 100vw, 1024px\" \/><\/figure>\n\n\n\n<p><\/p>\n\n\n\n<p><\/p>","protected":false},"excerpt":{"rendered":"<p>Welcome to Casa MiramaraWe\u2019re a Hungarian couple who turned a lifelong dream into reality by creating a cozy getaway in the heart of Italy. Nestled near sandy beaches and surrounded by warm-hearted locals, Casa Miramara is the perfect place to relax, unwind, and enjoy the best of Italian life\u2014sun, sea, incredible food, and rich culture. [&hellip;]<\/p>","protected":false},"author":1,"featured_media":0,"parent":0,"menu_order":0,"comment_status":"closed","ping_status":"closed","template":"","meta":{"travel_tour_sidebar_layout":"","footnotes":""},"class_list":["post-10","page","type-page","status-publish","hentry","col-sm-12 eq-blocks"],"_links":{"self":[{"href":"https:\/\/miramarasicilia.com\/de\/wp-json\/wp\/v2\/pages\/10","targetHints":{"allow":["GET"]}}],"collection":[{"href":"https:\/\/miramarasicilia.com\/de\/wp-json\/wp\/v2\/pages"}],"about":[{"href":"https:\/\/miramarasicilia.com\/de\/wp-json\/wp\/v2\/types\/page"}],"author":[{"embeddable":true,"href":"https:\/\/miramarasicilia.com\/de\/wp-json\/wp\/v2\/users\/1"}],"replies":[{"embeddable":true,"href":"https:\/\/miramarasicilia.com\/de\/wp-json\/wp\/v2\/comments?post=10"}],"version-history":[{"count":6,"href":"https:\/\/miramarasicilia.com\/de\/wp-json\/wp\/v2\/pages\/10\/revisions"}],"predecessor-version":[{"id":199,"href":"https:\/\/miramarasicilia.com\/de\/wp-json\/wp\/v2\/pages\/10\/revisions\/199"}],"wp:attachment":[{"href":"https:\/\/miramarasicilia.com\/de\/wp-json\/wp\/v2\/media?parent=10"}],"curies":[{"name":"wp","href":"https:\/\/api.w.org\/{rel}","templated":true}]}}